{"id":1267,"date":"2024-03-28T14:02:11","date_gmt":"2024-03-28T14:02:11","guid":{"rendered":"https:\/\/orbius.premiumthemes.in\/?page_id=1267"},"modified":"2024-10-27T14:11:06","modified_gmt":"2024-10-27T14:11:06","slug":"blog","status":"publish","type":"page","link":"https:\/\/etherealwebsolution.com\/sq\/blog\/","title":{"rendered":"blog"},"content":{"rendered":"\t\t<div data-elementor-type=\"wp-page\" data-elementor-id=\"1267\" class=\"elementor elementor-1267\">\n\t\t\t\t<div class=\"elementor-element elementor-element-2158acdf e-con-full e-flex e-con e-parent\" data-id=\"2158acdf\" data-element_type=\"container\" data-e-type=\"container\" data-settings=\"{&quot;mk_ext_is_sticky&quot;:&quot;false&quot;}\">\n\t\t\t\t<div class=\"elementor-element elementor-element-2552d0e3 elementor-widget elementor-widget-mk_section_heading\" data-id=\"2552d0e3\" data-element_type=\"widget\" data-e-type=\"widget\" data-settings=\"{&quot;mk_ext_is_infinite&quot;:&quot;false&quot;,&quot;mk_ext_is_scrollme&quot;:&quot;false&quot;}\" data-widget_type=\"mk_section_heading.default\">\n\t\t\t\t<div class=\"elementor-widget-container\">\n\t\t\t\t\t<div class=\"mk-section-heading\"><h4 class=\"mk-section-heading-title\"><span>blog <\/span><\/h4><span class=\"mk-section-heading-subtitle swm-hide-tablet\">\/ discover the news<\/span><\/div>\t\t\t\t<\/div>\n\t\t\t\t<\/div>\n\t\t\t\t<\/div>\n\t\t<div class=\"elementor-element elementor-element-6a07fb6e e-con-full e-flex e-con e-parent\" data-id=\"6a07fb6e\" data-element_type=\"container\" data-e-type=\"container\" data-settings=\"{&quot;mk_ext_is_sticky&quot;:&quot;false&quot;}\">\n\t\t<div class=\"elementor-element elementor-element-6f837e7e e-con-full e-flex e-con e-child\" data-id=\"6f837e7e\" data-element_type=\"container\" data-e-type=\"container\" data-settings=\"{&quot;mk_ext_is_sticky&quot;:&quot;false&quot;}\">\n\t\t\t\t<\/div>\n\t\t<div class=\"elementor-element elementor-element-52156b27 e-con-full e-flex e-con e-child\" data-id=\"52156b27\" data-element_type=\"container\" data-e-type=\"container\" data-settings=\"{&quot;mk_ext_is_sticky&quot;:&quot;false&quot;}\">\n\t\t\t\t<div class=\"elementor-element elementor-element-48c8b4e0 mk-post-image-zoom-yes elementor-grid-3 elementor-grid-tablet-2 elementor-grid-mobile-1 elementor-widget elementor-widget-mk_blog_posts\" data-id=\"48c8b4e0\" data-element_type=\"widget\" data-e-type=\"widget\" data-settings=\"{&quot;columns&quot;:&quot;3&quot;,&quot;columns_tablet&quot;:&quot;2&quot;,&quot;columns_mobile&quot;:&quot;1&quot;,&quot;mk_ext_is_infinite&quot;:&quot;false&quot;,&quot;mk_ext_is_scrollme&quot;:&quot;false&quot;}\" data-widget_type=\"mk_blog_posts.default\">\n\t\t\t\t<div class=\"elementor-widget-container\">\n\t\t\t\t\t<div class=\"mk-p-grid mk--no-bottom-space mk-pagination--off\" data-options=\"{&quot;post_type&quot;:&quot;post&quot;,&quot;next_page&quot;:&quot;2&quot;,&quot;max_pages_num&quot;:2,&quot;button_text&quot;:&quot;read more&quot;,&quot;pagination_type&quot;:&quot;no-pagination&quot;,&quot;title_tag&quot;:&quot;h3&quot;,&quot;title_length&quot;:100,&quot;show_excerpt&quot;:&quot;yes&quot;,&quot;excerpt_length&quot;:107,&quot;show_image&quot;:&quot;yes&quot;,&quot;post_img_size&quot;:&quot;custom&quot;,&quot;post_img_custom_dimension&quot;:{&quot;width&quot;:&quot;500&quot;,&quot;height&quot;:&quot;350&quot;},&quot;display_style&quot;:&quot;st2&quot;,&quot;taxonomy_filter&quot;:&quot;category&quot;,&quot;orderby&quot;:&quot;date&quot;,&quot;order&quot;:&quot;DESC&quot;,&quot;posts_per_page&quot;:9,&quot;exclude_posts_cat&quot;:[&quot;59&quot;]}\">\n    <!-- filter -->\n    <p class=\"mk-pagination-spinner mk-filter-pagination-spinner\"><i class=\"fas fa-spinner\"><\/i><\/p>\n    <!-- content -->\n    <div class=\"mk-grid-inner clear\">\n        <article class=\"mk-grid-item mk-grid-item-wrap mk-item--full post-4551 post type-post status-publish format-standard hentry category-google-my-business tag-faqe-interneti tag-nderto-website tag-seo tag-web tag-website\">\n    <div class=\"mk-post-wrap\" >\n    \t\n    \t\t<div class=\"mk-post-content\">\n\n                <h3 class=\"mk_post_title\"><a href=\"https:\/\/etherealwebsolution.com\/sq\/si-te-ndertoj-nje-website-vete\/\">Si t\u00eb Nd\u00ebrtoni Nj\u00eb Website Vet\u00eb: Udh\u00ebzues Praktik nga Ethereal Web Solution<\/a><\/h3><div class=\"mk_post_excerpt\">Si t\u00eb Nd\u00ebrtoni Nj\u00eb Website Vet\u00eb: Udh\u00ebzues Praktik nga Ethereal Web Solution N\u00ebse d\u00ebshironi t\u00eb<\/div>                    <div class=\"mk-post-button\"><a href=\"https:\/\/etherealwebsolution.com\/sq\/si-te-ndertoj-nje-website-vete\/\"><span class=\"mk-post-button-arrow-start\" ><\/span><span class=\"mk-post-button-text\" >read more<\/span><span class=\"mk-post-button-arrow-end\" ><\/span><\/a><\/div>\n                            <\/div>\n    <\/div>\n<\/article><article class=\"mk-grid-item mk-grid-item-wrap mk-item--full post-4544 post type-post status-publish format-standard hentry category-google-my-business\">\n    <div class=\"mk-post-wrap\" >\n    \t\n    \t\t<div class=\"mk-post-content\">\n\n                <h3 class=\"mk_post_title\"><a href=\"https:\/\/etherealwebsolution.com\/sq\/kompani-marketingu\/\">Kompani Marketingu<\/a><\/h3><div class=\"mk_post_excerpt\">Marketingu i Succesit n\u00eb Shqip\u00ebri me Ethereal Web Solution N\u00eb nj\u00eb bot\u00eb gjithnj\u00eb e m\u00eb digjitale,<\/div>                    <div class=\"mk-post-button\"><a href=\"https:\/\/etherealwebsolution.com\/sq\/kompani-marketingu\/\"><span class=\"mk-post-button-arrow-start\" ><\/span><span class=\"mk-post-button-text\" >read more<\/span><span class=\"mk-post-button-arrow-end\" ><\/span><\/a><\/div>\n                            <\/div>\n    <\/div>\n<\/article><article class=\"mk-grid-item mk-grid-item-wrap mk-item--full post-4291 post type-post status-publish format-standard has-post-thumbnail hentry category-google-my-business category-seo-optimization\">\n    <div class=\"mk-post-wrap\" >\n    \t\n    \t\t<div class=\"mk-post-content\">\n\n                <h3 class=\"mk_post_title\"><a href=\"https:\/\/etherealwebsolution.com\/sq\/local-seo-strategies-to-boost-your-business-online\/\">Local SEO Strategies to Boost Your Business Online<\/a><\/h3><div class=\"mk-post-image\">\n                                    <a href=\"https:\/\/etherealwebsolution.com\/sq\/local-seo-strategies-to-boost-your-business-online\/\" class=\"mk-post-grid-image swm-anim\"><img decoding=\"async\" src=\"https:\/\/etherealwebsolution.com\/wp-content\/uploads\/elementor\/thumbs\/keyword-seo-content-website-tags-search-1-r3fap80hwy77io0fkyhw0pdp4qw2lfzjryln506egc.jpg\" alt=\"\" \/><\/a>\n                                <\/div><div class=\"mk_post_excerpt\">In today&#8217;s digital landscape, having a strong local online presence is crucial for businesses<\/div>                    <div class=\"mk-post-button\"><a href=\"https:\/\/etherealwebsolution.com\/sq\/local-seo-strategies-to-boost-your-business-online\/\"><span class=\"mk-post-button-arrow-start\" ><\/span><span class=\"mk-post-button-text\" >read more<\/span><span class=\"mk-post-button-arrow-end\" ><\/span><\/a><\/div>\n                            <\/div>\n    <\/div>\n<\/article><article class=\"mk-grid-item mk-grid-item-wrap mk-item--full post-4208 post type-post status-publish format-standard has-post-thumbnail hentry category-seo-optimization category-website\">\n    <div class=\"mk-post-wrap\" >\n    \t\n    \t\t<div class=\"mk-post-content\">\n\n                <h3 class=\"mk_post_title\"><a href=\"https:\/\/etherealwebsolution.com\/sq\/from-code-to-success-trends-in-web-development\/\">From Code to Success: Trends in Web Development<\/a><\/h3><div class=\"mk-post-image\">\n                                    <a href=\"https:\/\/etherealwebsolution.com\/sq\/from-code-to-success-trends-in-web-development\/\" class=\"mk-post-grid-image swm-anim\"><img decoding=\"async\" src=\"https:\/\/etherealwebsolution.com\/wp-content\/uploads\/elementor\/thumbs\/1-scaled-r2abinunljbmqs94lcsplykreed62emiaw64hlsxpo.jpg\" alt=\"\" \/><\/a>\n                                <\/div><div class=\"mk_post_excerpt\">Web development is evolving at an unprecedented pace, with new technologies and frameworks emerging to<\/div>                    <div class=\"mk-post-button\"><a href=\"https:\/\/etherealwebsolution.com\/sq\/from-code-to-success-trends-in-web-development\/\"><span class=\"mk-post-button-arrow-start\" ><\/span><span class=\"mk-post-button-text\" >read more<\/span><span class=\"mk-post-button-arrow-end\" ><\/span><\/a><\/div>\n                            <\/div>\n    <\/div>\n<\/article><article class=\"mk-grid-item mk-grid-item-wrap mk-item--full post-4174 post type-post status-publish format-standard has-post-thumbnail hentry category-google-my-business\">\n    <div class=\"mk-post-wrap\" >\n    \t\n    \t\t<div class=\"mk-post-content\">\n\n                <h3 class=\"mk_post_title\"><a href=\"https:\/\/etherealwebsolution.com\/sq\/harnessing-the-power-of-ai-in-digital-marketing-strategies-for-2025\/\">Harnessing the Power of AI in Marketing<\/a><\/h3><div class=\"mk-post-image\">\n                                    <a href=\"https:\/\/etherealwebsolution.com\/sq\/harnessing-the-power-of-ai-in-digital-marketing-strategies-for-2025\/\" class=\"mk-post-grid-image swm-anim\"><img decoding=\"async\" src=\"https:\/\/etherealwebsolution.com\/wp-content\/uploads\/elementor\/thumbs\/robot-handshake-human-background-futuristic-digital-age-1-r2abieg9p6yrioms48qfx0y5gjnhxfl6xln9ou6vfw.jpg\" alt=\"\" \/><\/a>\n                                <\/div><div class=\"mk_post_excerpt\">Artificial Intelligence (AI) continues to revolutionize industries worldwide, and digital marketing is no<\/div>                    <div class=\"mk-post-button\"><a href=\"https:\/\/etherealwebsolution.com\/sq\/harnessing-the-power-of-ai-in-digital-marketing-strategies-for-2025\/\"><span class=\"mk-post-button-arrow-start\" ><\/span><span class=\"mk-post-button-text\" >read more<\/span><span class=\"mk-post-button-arrow-end\" ><\/span><\/a><\/div>\n                            <\/div>\n    <\/div>\n<\/article><article class=\"mk-grid-item mk-grid-item-wrap mk-item--full post-4131 post type-post status-publish format-standard has-post-thumbnail hentry category-seo-optimization tag-efficiency tag-focus tag-goalsetting tag-productivity tag-timemanagement\">\n    <div class=\"mk-post-wrap\" >\n    \t\n    \t\t<div class=\"mk-post-content\">\n\n                <h3 class=\"mk_post_title\"><a href=\"https:\/\/etherealwebsolution.com\/sq\/mastering-time-management-top-strategies-for-a-more-productive-day\/\">Mastering Time Management: Top Strategies<\/a><\/h3><div class=\"mk-post-image\">\n                                    <a href=\"https:\/\/etherealwebsolution.com\/sq\/mastering-time-management-top-strategies-for-a-more-productive-day\/\" class=\"mk-post-grid-image swm-anim\"><img decoding=\"async\" src=\"https:\/\/etherealwebsolution.com\/wp-content\/uploads\/elementor\/thumbs\/goal-profit-scaled-r2absrm72f5ljvkql81bwws5aik7t9qmown17otkto.jpg\" alt=\"\" \/><\/a>\n                                <\/div><div class=\"mk_post_excerpt\">Time management is essential for anyone looking to improve productivity and reduce stress. This blog<\/div>                    <div class=\"mk-post-button\"><a href=\"https:\/\/etherealwebsolution.com\/sq\/mastering-time-management-top-strategies-for-a-more-productive-day\/\"><span class=\"mk-post-button-arrow-start\" ><\/span><span class=\"mk-post-button-text\" >read more<\/span><span class=\"mk-post-button-arrow-end\" ><\/span><\/a><\/div>\n                            <\/div>\n    <\/div>\n<\/article><article class=\"mk-grid-item mk-grid-item-wrap mk-item--full post-1305 post type-post status-publish format-standard has-post-thumbnail hentry category-content category-google-my-business category-marketing category-seo-optimization category-website tag-ai-in-marketing tag-digital-marketing-trends tag-video-marketing tag-voice-search-optimization\">\n    <div class=\"mk-post-wrap\" >\n    \t\n    \t\t<div class=\"mk-post-content\">\n\n                <h3 class=\"mk_post_title\"><a href=\"https:\/\/etherealwebsolution.com\/sq\/the-future-of-digital-marketing-trends-to-watch\/\">the future of digital marketing: trends to watch<\/a><\/h3><div class=\"mk-post-image\">\n                                    <a href=\"https:\/\/etherealwebsolution.com\/sq\/the-future-of-digital-marketing-trends-to-watch\/\" class=\"mk-post-grid-image swm-anim\"><img decoding=\"async\" src=\"https:\/\/etherealwebsolution.com\/wp-content\/uploads\/elementor\/thumbs\/marketing-agency-6-scaled-qxi2ws82rjedvkhikyxn5q29zclbow8nt6awlp3w6k.webp\" alt=\"\" \/><\/a>\n                                <\/div><div class=\"mk_post_excerpt\">Explore the future of digital marketing and the trends that will shape the industry in the coming years.<\/div>                    <div class=\"mk-post-button\"><a href=\"https:\/\/etherealwebsolution.com\/sq\/the-future-of-digital-marketing-trends-to-watch\/\"><span class=\"mk-post-button-arrow-start\" ><\/span><span class=\"mk-post-button-text\" >read more<\/span><span class=\"mk-post-button-arrow-end\" ><\/span><\/a><\/div>\n                            <\/div>\n    <\/div>\n<\/article><article class=\"mk-grid-item mk-grid-item-wrap mk-item--full post-1304 post type-post status-publish format-standard has-post-thumbnail hentry category-google-my-business category-marketing category-seo-optimization tag-business-visibility tag-customer-reviews tag-google-my-business tag-local-seo\">\n    <div class=\"mk-post-wrap\" >\n    \t\n    \t\t<div class=\"mk-post-content\">\n\n                <h3 class=\"mk_post_title\"><a href=\"https:\/\/etherealwebsolution.com\/sq\/maximizing-your-business-presence-with-google-my-business\/\">maximizing your business presence with google my business<\/a><\/h3><div class=\"mk-post-image\">\n                                    <a href=\"https:\/\/etherealwebsolution.com\/sq\/maximizing-your-business-presence-with-google-my-business\/\" class=\"mk-post-grid-image swm-anim\"><img decoding=\"async\" src=\"https:\/\/etherealwebsolution.com\/wp-content\/uploads\/elementor\/thumbs\/marketing-agency-1-qxi2ws82rjedvkhikyxn5q29zclbow8nt6awlp3w6k.webp\" alt=\"\" \/><\/a>\n                                <\/div><div class=\"mk_post_excerpt\">Discover how to maximize your business presence with Google My Business to attract local customers and<\/div>                    <div class=\"mk-post-button\"><a href=\"https:\/\/etherealwebsolution.com\/sq\/maximizing-your-business-presence-with-google-my-business\/\"><span class=\"mk-post-button-arrow-start\" ><\/span><span class=\"mk-post-button-text\" >read more<\/span><span class=\"mk-post-button-arrow-end\" ><\/span><\/a><\/div>\n                            <\/div>\n    <\/div>\n<\/article><article class=\"mk-grid-item mk-grid-item-wrap mk-item--full post-1303 post type-post status-publish format-standard has-post-thumbnail hentry category-marketing category-social-media category-website tag-audience-engagement tag-influencer-collaboration tag-paid-advertising tag-social-media-marketing\">\n    <div class=\"mk-post-wrap\" >\n    \t\n    \t\t<div class=\"mk-post-content\">\n\n                <h3 class=\"mk_post_title\"><a href=\"https:\/\/etherealwebsolution.com\/sq\/how-to-leverage-social-media-for-your-business-growth\/\">how to leverage social media for your business growth<\/a><\/h3><div class=\"mk-post-image\">\n                                    <a href=\"https:\/\/etherealwebsolution.com\/sq\/how-to-leverage-social-media-for-your-business-growth\/\" class=\"mk-post-grid-image swm-anim\"><img decoding=\"async\" src=\"https:\/\/etherealwebsolution.com\/wp-content\/uploads\/elementor\/thumbs\/marketing-agency-4-scaled-qxi2ws82rjedvkhikyxn5q29zclbow8nt6awlp3w6k.webp\" alt=\"\" \/><\/a>\n                                <\/div><div class=\"mk_post_excerpt\">Learn how to leverage social media effectively to grow your business and engage your audience.<\/div>                    <div class=\"mk-post-button\"><a href=\"https:\/\/etherealwebsolution.com\/sq\/how-to-leverage-social-media-for-your-business-growth\/\"><span class=\"mk-post-button-arrow-start\" ><\/span><span class=\"mk-post-button-text\" >read more<\/span><span class=\"mk-post-button-arrow-end\" ><\/span><\/a><\/div>\n                            <\/div>\n    <\/div>\n<\/article>    <\/div>\n\n    <\/div>\t\t\t\t<\/div>\n\t\t\t\t<\/div>\n\t\t\t\t<\/div>\n\t\t\t\t<\/div>\n\t\t\t\t<\/div>\n\t\t","protected":false},"excerpt":{"rendered":"<p>blog \/ discover the news the future of digital marketing: trends to watch Explore the future of digital marketing and the trends that will shape the industry in the coming years. read more maximizing your business presence with google my business Discover how to maximize your business presence with Google [&hellip;]<\/p>\n","protected":false},"author":1,"featured_media":0,"parent":0,"menu_order":0,"comment_status":"closed","ping_status":"closed","template":"elementor_header_footer","meta":{"footnotes":""},"class_list":["post-1267","page","type-page","status-publish","hentry"],"aioseo_notices":[],"_links":{"self":[{"href":"https:\/\/etherealwebsolution.com\/sq\/wp-json\/wp\/v2\/pages\/1267","targetHints":{"allow":["GET"]}}],"collection":[{"href":"https:\/\/etherealwebsolution.com\/sq\/wp-json\/wp\/v2\/pages"}],"about":[{"href":"https:\/\/etherealwebsolution.com\/sq\/wp-json\/wp\/v2\/types\/page"}],"author":[{"embeddable":true,"href":"https:\/\/etherealwebsolution.com\/sq\/wp-json\/wp\/v2\/users\/1"}],"replies":[{"embeddable":true,"href":"https:\/\/etherealwebsolution.com\/sq\/wp-json\/wp\/v2\/comments?post=1267"}],"version-history":[{"count":0,"href":"https:\/\/etherealwebsolution.com\/sq\/wp-json\/wp\/v2\/pages\/1267\/revisions"}],"wp:attachment":[{"href":"https:\/\/etherealwebsolution.com\/sq\/wp-json\/wp\/v2\/media?parent=1267"}],"curies":[{"name":"wp","href":"https:\/\/api.w.org\/{rel}","templated":true}]}}